{"id":152,"date":"2017-03-19T13:33:31","date_gmt":"2017-03-19T12:33:31","guid":{"rendered":"http:\/\/dots-gallery.de\/dots\/?page_id=152"},"modified":"2019-04-10T21:37:21","modified_gmt":"2019-04-10T19:37:21","slug":"ueber","status":"publish","type":"page","link":"http:\/\/dots-gallery.de\/dots\/ueber\/","title":{"rendered":"\u00dcber"},"content":{"rendered":"\n<figure class=\"wp-block-image\"><img loading=\"lazy\" width=\"1024\" height=\"576\" src=\"http:\/\/dots-gallery.de\/dots\/wp-content\/uploads\/2019\/03\/DJI_0905-1024x576.jpg\" alt=\"\" class=\"wp-image-285\" srcset=\"http:\/\/dots-gallery.de\/dots\/wp-content\/uploads\/2019\/03\/DJI_0905-1024x576.jpg 1024w, http:\/\/dots-gallery.de\/dots\/wp-content\/uploads\/2019\/03\/DJI_0905-300x169.jpg 300w, http:\/\/dots-gallery.de\/dots\/wp-content\/uploads\/2019\/03\/DJI_0905-768x432.jpg 768w, http:\/\/dots-gallery.de\/dots\/wp-content\/uploads\/2019\/03\/DJI_0905-1080x608.jpg 1080w\" sizes=\"(max-width: 1024px) 100vw, 1024px\" \/><\/figure>\n\n\n<p>Die DOTS Gallery ist eine Produzenten-Galerie in Berlin. Die R\u00e4umlichkeiten befinden sich in der ehemaligen amerikanischen Abh\u00f6rstation auf dem Teufelsberg im Grunewald \u00a0im Hauptgeb\u00e4ude mit Turm und Kuppel im ersten Obergeschoss \u2013 somit ist sie h\u00f6chstgelegenste Galerie Berlins. Die Gebr\u00fcder Ruge haben im Spannungsfeld einer Ruine aus dem Kalten Krieg und der heute dort zu findenden Popkultur mit beeindruckenden Streetart Werken, einen Raum geschaffen, der sich von seiner Umgebung durch Klarheit unterscheidet.<\/p>\n<p>\u201eUnsere Galerie ist offen f\u00fcr Fotografie, Malerei also auch Videokunst oder Performance. Es ist uns wichtig, dass die bei uns ausgestellten Arbeiten bei uns etwas bewirken oder ausl\u00f6sen. Es ist unser Ziel, K\u00fcnstlerinnen und K\u00fcnstlern einen Raum zu geben und die Arbeiten einer breiten \u00d6ffentlichkeit zug\u00e4nglich zu machen\u201c, erkl\u00e4ren Pit und Martin Ruge.<\/p>\n<p>Wir glauben an diesen Ort, der durch seine Historie f\u00fcr Berlin steht. Es ist nur konsequent, dass die Kunst diesen Ort f\u00fcr sich okkupiert und dem Berg eine erfreuliche Zukunft gibt.<\/p>\n<p>Leider ist das Geb\u00e4ude in dem sich unsere Galerie befindet seit M\u00e4rz 2018 f\u00fcr die \u00d6ffentlichkeit nicht zug\u00e4nglich. Aus diesem Grund sind wir derzeit im Exil und konzentrieren uns auf Projekte wie beispielsweise das Noise Lab.<\/p>","protected":false},"excerpt":{"rendered":"<p>Die DOTS Gallery ist eine Produzenten-Galerie in Berlin. Die R\u00e4umlichkeiten befinden sich in der ehemaligen amerikanischen Abh\u00f6rstation auf dem Teufelsberg im Grunewald \u00a0im Hauptgeb\u00e4ude mit Turm und Kuppel im ersten Obergeschoss \u2013 somit ist sie h\u00f6chstgelegenste Galerie Berlins. Die Gebr\u00fcder Ruge haben im Spannungsfeld einer Ruine aus dem Kalten Krieg und der heute dort zu [&hellip;]<\/p>\n","protected":false},"author":1,"featured_media":0,"parent":0,"menu_order":0,"comment_status":"closed","ping_status":"closed","template":"","meta":{"_et_pb_use_builder":"off","_et_pb_old_content":"","_et_gb_content_width":""},"_links":{"self":[{"href":"http:\/\/dots-gallery.de\/dots\/wp-json\/wp\/v2\/pages\/152"}],"collection":[{"href":"http:\/\/dots-gallery.de\/dots\/wp-json\/wp\/v2\/pages"}],"about":[{"href":"http:\/\/dots-gallery.de\/dots\/wp-json\/wp\/v2\/types\/page"}],"author":[{"embeddable":true,"href":"http:\/\/dots-gallery.de\/dots\/wp-json\/wp\/v2\/users\/1"}],"replies":[{"embeddable":true,"href":"http:\/\/dots-gallery.de\/dots\/wp-json\/wp\/v2\/comments?post=152"}],"version-history":[{"count":10,"href":"http:\/\/dots-gallery.de\/dots\/wp-json\/wp\/v2\/pages\/152\/revisions"}],"predecessor-version":[{"id":561,"href":"http:\/\/dots-gallery.de\/dots\/wp-json\/wp\/v2\/pages\/152\/revisions\/561"}],"wp:attachment":[{"href":"http:\/\/dots-gallery.de\/dots\/wp-json\/wp\/v2\/media?parent=152"}],"curies":[{"name":"wp","href":"https:\/\/api.w.org\/{rel}","templated":true}]}}